{"id":658,"date":"2019-05-03T22:05:31","date_gmt":"2019-05-03T22:05:31","guid":{"rendered":"https:\/\/inversionlegal.cl\/index.php\/2019\/05\/03\/what-we-are-capable-of-usually-gets-discovered\/"},"modified":"2025-07-02T03:37:39","modified_gmt":"2025-07-02T03:37:39","slug":"asesoria-pymes","status":"publish","type":"page","link":"https:\/\/inversionlegal.cl\/index.php\/asesoria-pymes\/","title":{"rendered":"Asesor\u00eda Pymes"},"content":{"rendered":"\t\t<div data-elementor-type=\"wp-page\" data-elementor-id=\"658\" class=\"elementor elementor-658\">\n\t\t\t\t\t\t<section class=\"elementor-section elementor-top-section elementor-element elementor-element-29534290 elementor-section-boxed elementor-section-height-default elementor-section-height-default\" data-id=\"29534290\" data-element_type=\"section\">\n\t\t\t\t\t\t<div class=\"elementor-container elementor-column-gap-default\">\n\t\t\t\t\t<div class=\"aux-parallax-section elementor-column elementor-col-100 elementor-top-column elementor-element elementor-element-533a562f\" data-id=\"533a562f\" data-element_type=\"column\">\n\t\t\t<div class=\"elementor-widget-wrap elementor-element-populated\">\n\t\t\t\t\t\t<div class=\"elementor-element elementor-element-7b69075d elementor-widget elementor-widget-text-editor\" data-id=\"7b69075d\" data-element_type=\"widget\" data-widget_type=\"text-editor.default\">\n\t\t\t\t<div class=\"elementor-widget-container\">\n\t\t\t\t\t\t\t\t\t<div class=\"elementor-element elementor-element-004c1db elementor-widget elementor-widget-text-editor\" data-id=\"004c1db\" data-element_type=\"widget\" data-widget_type=\"text-editor.default\"><div class=\"elementor-widget-container\"><p><strong>SERVICIO CONTABLE<\/strong><br \/>\u00c9nfasis en la b\u00fasqueda de soluciones efectivas para facilitar al empresario o Pyme, con el objetivo de contar con los argumentos \u00f3ptimos para la toma de decisiones en relaci\u00f3n a la administraci\u00f3n de su empresa.<\/p><\/div><\/div><div class=\"elementor-element elementor-element-48a8434 elementor-widget elementor-widget-text-editor\" data-id=\"48a8434\" data-element_type=\"widget\" data-widget_type=\"text-editor.default\"><div class=\"elementor-widget-container\"><p><strong>ASESORIA TRIBUTARIA<\/strong><br \/>Pensando siempre en la necesidad de nuestros clientes, nos orientamos hacia el bien com\u00fan, brindando soluciones relacionadas a Servicio de Impuestos Internos.<\/p><\/div><\/div><div class=\"elementor-element elementor-element-834c179 elementor-widget elementor-widget-text-editor\" data-id=\"834c179\" data-element_type=\"widget\" data-widget_type=\"text-editor.default\"><div class=\"elementor-widget-container\"><p><strong>RECURSOS HUMANOS<\/strong><br \/>Con nuestro servicio, experiencia y trayectoria en el c\u00e1lculo y manejo de n\u00f3minas, ofrecemos importante informaci\u00f3n oportuna para los empleados.<\/p><\/div><\/div><section class=\"elementor-section elementor-top-section elementor-element elementor-element-d7b39b9 elementor-section-content-middle elementor-reverse-mobile elementor-section-boxed elementor-section-height-default elementor-section-height-default\" data-id=\"d7b39b9\" data-element_type=\"section\"><div class=\"elementor-container elementor-column-gap-no\"><div class=\"aux-parallax-section elementor-column elementor-col-50 elementor-top-column elementor-element elementor-element-f72e3fe\" data-id=\"f72e3fe\" data-element_type=\"column\"><div class=\"elementor-widget-wrap elementor-element-populated\"><div class=\"elementor-element elementor-element-699ab29 aux-appear-watch-animation aux-fade-in-left-1 elementor-widget elementor-widget-aux_image\" data-id=\"699ab29\" data-element_type=\"widget\" data-widget_type=\"aux_image.default\"><div class=\"elementor-widget-container\"><section class=\"widget-container aux-widget-image aux-alignnone aux-parent-au8dbc3a9b\"><div class=\"aux-media-hint-frame \">\u00a0<\/div><\/section><\/div><\/div><\/div><\/div><\/div><\/section>\t\t\t\t\t\t\t\t<\/div>\n\t\t\t\t<\/div>\n\t\t\t\t\t<\/div>\n\t\t<\/div>\n\t\t\t\t\t<\/div>\n\t\t<\/section>\n\t\t\t\t<\/div>\n\t\t","protected":false},"excerpt":{"rendered":"<p>SERVICIO CONTABLE\u00c9nfasis en la b\u00fasqueda de soluciones efectivas para facilitar al empresario o Pyme, con el objetivo de contar con los argumentos \u00f3ptimos para la toma de decisiones en relaci\u00f3n a la administraci\u00f3n de su empresa. ASESORIA TRIBUTARIAPensando siempre en la necesidad de nuestros clientes, nos orientamos hacia el bien com\u00fan, brindando soluciones relacionadas a [&hellip;]<\/p>\n","protected":false},"author":1,"featured_media":0,"parent":0,"menu_order":0,"comment_status":"open","ping_status":"closed","template":"","meta":{"_joinchat":[],"footnotes":""},"class_list":["post-658","page","type-page","status-publish","hentry"],"yoast_head":"<!-- This site is optimized with the Yoast SEO plugin v24.2 - https:\/\/yoast.com\/wordpress\/plugins\/seo\/ -->\n<title>Asesor\u00eda Pymes - Inversi\u00f3n Legal<\/title>\n<meta name=\"robots\" content=\"index, follow, max-snippet:-1, max-image-preview:large, max-video-preview:-1\" \/>\n<link rel=\"canonical\" href=\"https:\/\/inversionlegal.cl\/index.php\/asesoria-pymes\/\" \/>\n<meta property=\"og:locale\" content=\"es_ES\" \/>\n<meta property=\"og:type\" content=\"article\" \/>\n<meta property=\"og:title\" content=\"Asesor\u00eda Pymes - Inversi\u00f3n Legal\" \/>\n<meta property=\"og:description\" content=\"SERVICIO CONTABLE\u00c9nfasis en la b\u00fasqueda de soluciones efectivas para facilitar al empresario o Pyme, con el objetivo de contar con los argumentos \u00f3ptimos para la toma de decisiones en relaci\u00f3n a la administraci\u00f3n de su empresa. ASESORIA TRIBUTARIAPensando siempre en la necesidad de nuestros clientes, nos orientamos hacia el bien com\u00fan, brindando soluciones relacionadas a [&hellip;]\" \/>\n<meta property=\"og:url\" content=\"https:\/\/inversionlegal.cl\/index.php\/asesoria-pymes\/\" \/>\n<meta property=\"og:site_name\" content=\"Inversi\u00f3n Legal\" \/>\n<meta property=\"article:modified_time\" content=\"2025-07-02T03:37:39+00:00\" \/>\n<meta name=\"twitter:card\" content=\"summary_large_image\" \/>\n<meta name=\"twitter:label1\" content=\"Tiempo de lectura\" \/>\n\t<meta name=\"twitter:data1\" content=\"1 minuto\" \/>\n<script type=\"application\/ld+json\" class=\"yoast-schema-graph\">{\"@context\":\"https:\/\/schema.org\",\"@graph\":[{\"@type\":\"WebPage\",\"@id\":\"https:\/\/inversionlegal.cl\/index.php\/asesoria-pymes\/\",\"url\":\"https:\/\/inversionlegal.cl\/index.php\/asesoria-pymes\/\",\"name\":\"Asesor\u00eda Pymes - Inversi\u00f3n Legal\",\"isPartOf\":{\"@id\":\"https:\/\/inversionlegal.cl\/#website\"},\"datePublished\":\"2019-05-03T22:05:31+00:00\",\"dateModified\":\"2025-07-02T03:37:39+00:00\",\"breadcrumb\":{\"@id\":\"https:\/\/inversionlegal.cl\/index.php\/asesoria-pymes\/#breadcrumb\"},\"inLanguage\":\"es\",\"potentialAction\":[{\"@type\":\"ReadAction\",\"target\":[\"https:\/\/inversionlegal.cl\/index.php\/asesoria-pymes\/\"]}]},{\"@type\":\"BreadcrumbList\",\"@id\":\"https:\/\/inversionlegal.cl\/index.php\/asesoria-pymes\/#breadcrumb\",\"itemListElement\":[{\"@type\":\"ListItem\",\"position\":1,\"name\":\"Portada\",\"item\":\"https:\/\/inversionlegal.cl\/\"},{\"@type\":\"ListItem\",\"position\":2,\"name\":\"Asesor\u00eda Pymes\"}]},{\"@type\":\"WebSite\",\"@id\":\"https:\/\/inversionlegal.cl\/#website\",\"url\":\"https:\/\/inversionlegal.cl\/\",\"name\":\"Inversi\u00f3n Legal\",\"description\":\"Estudio Jur\u00eddico especialista en Derecho Laboral\",\"publisher\":{\"@id\":\"https:\/\/inversionlegal.cl\/#organization\"},\"potentialAction\":[{\"@type\":\"SearchAction\",\"target\":{\"@type\":\"EntryPoint\",\"urlTemplate\":\"https:\/\/inversionlegal.cl\/?s={search_term_string}\"},\"query-input\":{\"@type\":\"PropertyValueSpecification\",\"valueRequired\":true,\"valueName\":\"search_term_string\"}}],\"inLanguage\":\"es\"},{\"@type\":\"Organization\",\"@id\":\"https:\/\/inversionlegal.cl\/#organization\",\"name\":\"Inversi\u00f3n Legal\",\"url\":\"https:\/\/inversionlegal.cl\/\",\"logo\":{\"@type\":\"ImageObject\",\"inLanguage\":\"es\",\"@id\":\"https:\/\/inversionlegal.cl\/#\/schema\/logo\/image\/\",\"url\":\"https:\/\/inversionlegal.cl\/wp-content\/uploads\/2025\/05\/cropped-logo-nuevo-1.png\",\"contentUrl\":\"https:\/\/inversionlegal.cl\/wp-content\/uploads\/2025\/05\/cropped-logo-nuevo-1.png\",\"width\":250,\"height\":78,\"caption\":\"Inversi\u00f3n Legal\"},\"image\":{\"@id\":\"https:\/\/inversionlegal.cl\/#\/schema\/logo\/image\/\"}}]}<\/script>\n<!-- \/ Yoast SEO plugin. -->","yoast_head_json":{"title":"Asesor\u00eda Pymes - Inversi\u00f3n Legal","robots":{"index":"index","follow":"follow","max-snippet":"max-snippet:-1","max-image-preview":"max-image-preview:large","max-video-preview":"max-video-preview:-1"},"canonical":"https:\/\/inversionlegal.cl\/index.php\/asesoria-pymes\/","og_locale":"es_ES","og_type":"article","og_title":"Asesor\u00eda Pymes - Inversi\u00f3n Legal","og_description":"SERVICIO CONTABLE\u00c9nfasis en la b\u00fasqueda de soluciones efectivas para facilitar al empresario o Pyme, con el objetivo de contar con los argumentos \u00f3ptimos para la toma de decisiones en relaci\u00f3n a la administraci\u00f3n de su empresa. ASESORIA TRIBUTARIAPensando siempre en la necesidad de nuestros clientes, nos orientamos hacia el bien com\u00fan, brindando soluciones relacionadas a [&hellip;]","og_url":"https:\/\/inversionlegal.cl\/index.php\/asesoria-pymes\/","og_site_name":"Inversi\u00f3n Legal","article_modified_time":"2025-07-02T03:37:39+00:00","twitter_card":"summary_large_image","twitter_misc":{"Tiempo de lectura":"1 minuto"},"schema":{"@context":"https:\/\/schema.org","@graph":[{"@type":"WebPage","@id":"https:\/\/inversionlegal.cl\/index.php\/asesoria-pymes\/","url":"https:\/\/inversionlegal.cl\/index.php\/asesoria-pymes\/","name":"Asesor\u00eda Pymes - Inversi\u00f3n Legal","isPartOf":{"@id":"https:\/\/inversionlegal.cl\/#website"},"datePublished":"2019-05-03T22:05:31+00:00","dateModified":"2025-07-02T03:37:39+00:00","breadcrumb":{"@id":"https:\/\/inversionlegal.cl\/index.php\/asesoria-pymes\/#breadcrumb"},"inLanguage":"es","potentialAction":[{"@type":"ReadAction","target":["https:\/\/inversionlegal.cl\/index.php\/asesoria-pymes\/"]}]},{"@type":"BreadcrumbList","@id":"https:\/\/inversionlegal.cl\/index.php\/asesoria-pymes\/#breadcrumb","itemListElement":[{"@type":"ListItem","position":1,"name":"Portada","item":"https:\/\/inversionlegal.cl\/"},{"@type":"ListItem","position":2,"name":"Asesor\u00eda Pymes"}]},{"@type":"WebSite","@id":"https:\/\/inversionlegal.cl\/#website","url":"https:\/\/inversionlegal.cl\/","name":"Inversi\u00f3n Legal","description":"Estudio Jur\u00eddico especialista en Derecho Laboral","publisher":{"@id":"https:\/\/inversionlegal.cl\/#organization"},"potentialAction":[{"@type":"SearchAction","target":{"@type":"EntryPoint","urlTemplate":"https:\/\/inversionlegal.cl\/?s={search_term_string}"},"query-input":{"@type":"PropertyValueSpecification","valueRequired":true,"valueName":"search_term_string"}}],"inLanguage":"es"},{"@type":"Organization","@id":"https:\/\/inversionlegal.cl\/#organization","name":"Inversi\u00f3n Legal","url":"https:\/\/inversionlegal.cl\/","logo":{"@type":"ImageObject","inLanguage":"es","@id":"https:\/\/inversionlegal.cl\/#\/schema\/logo\/image\/","url":"https:\/\/inversionlegal.cl\/wp-content\/uploads\/2025\/05\/cropped-logo-nuevo-1.png","contentUrl":"https:\/\/inversionlegal.cl\/wp-content\/uploads\/2025\/05\/cropped-logo-nuevo-1.png","width":250,"height":78,"caption":"Inversi\u00f3n Legal"},"image":{"@id":"https:\/\/inversionlegal.cl\/#\/schema\/logo\/image\/"}}]}},"_links":{"self":[{"href":"https:\/\/inversionlegal.cl\/index.php\/wp-json\/wp\/v2\/pages\/658","targetHints":{"allow":["GET"]}}],"collection":[{"href":"https:\/\/inversionlegal.cl\/index.php\/wp-json\/wp\/v2\/pages"}],"about":[{"href":"https:\/\/inversionlegal.cl\/index.php\/wp-json\/wp\/v2\/types\/page"}],"author":[{"embeddable":true,"href":"https:\/\/inversionlegal.cl\/index.php\/wp-json\/wp\/v2\/users\/1"}],"replies":[{"embeddable":true,"href":"https:\/\/inversionlegal.cl\/index.php\/wp-json\/wp\/v2\/comments?post=658"}],"version-history":[{"count":11,"href":"https:\/\/inversionlegal.cl\/index.php\/wp-json\/wp\/v2\/pages\/658\/revisions"}],"predecessor-version":[{"id":934,"href":"https:\/\/inversionlegal.cl\/index.php\/wp-json\/wp\/v2\/pages\/658\/revisions\/934"}],"wp:attachment":[{"href":"https:\/\/inversionlegal.cl\/index.php\/wp-json\/wp\/v2\/media?parent=658"}],"curies":[{"name":"wp","href":"https:\/\/api.w.org\/{rel}","templated":true}]}}