{"id":916,"date":"2025-06-11T04:23:29","date_gmt":"2025-06-11T04:23:29","guid":{"rendered":"https:\/\/inversionlegal.cl\/?page_id=916"},"modified":"2025-06-11T04:24:20","modified_gmt":"2025-06-11T04:24:20","slug":"asesoria-laboral-2","status":"publish","type":"page","link":"https:\/\/inversionlegal.cl\/index.php\/asesoria-laboral-2\/","title":{"rendered":"Asesor\u00eda Laboral"},"content":{"rendered":"\n<p>Con m\u00e1s de 7 a\u00f1os de trayectoria, nos especializamos en:<br><\/p>\n\n\n\n<p><strong>Despidos:<\/strong><br>\u2022 Despidos injustificados<br>\u2022 Autodespidos<br>\u2022 Finiquitos<br>\u2022 Despidos por Necesidades de la Empresa<br>\u2022 Asesor\u00eda para trabajadores a honorarios y a contrata<br>\u2022 Despidos por Incumplimiento Grave<br>\u2022 Despidos por faltas o abandono de trabajo<br>\u2022 Nulidad del Despido<br>\u2022 Despidos y Autodespidos de Honorarios<br><\/p>\n\n\n\n<p><strong>Asuntos Laborales:<\/strong><br>\u2022 Tutelas Laborales<br>\u2022 Protecci\u00f3n a la Maternidad<br>\u2022 Fueros Laborales<br>\u2022 Acoso Laboral<br>\u2022 Acoso Sexual<br>\u2022 Accidentes Laborales<br>\u2022 Enfermedades Profesionales<br>\u2022 No pago de Cotizaciones Previsionales<br><\/p>\n","protected":false},"excerpt":{"rendered":"<p>Con m\u00e1s de 7 a\u00f1os de trayectoria, nos especializamos en: Despidos:\u2022 Despidos injustificados\u2022 Autodespidos\u2022 Finiquitos\u2022 Despidos por Necesidades de la Empresa\u2022 Asesor\u00eda para trabajadores a honorarios y a contrata\u2022 Despidos por Incumplimiento Grave\u2022 Despidos por faltas o abandono de trabajo\u2022 Nulidad del Despido\u2022 Despidos y Autodespidos de Honorarios Asuntos Laborales:\u2022 Tutelas Laborales\u2022 Protecci\u00f3n a la [&hellip;]<\/p>\n","protected":false},"author":1,"featured_media":0,"parent":0,"menu_order":0,"comment_status":"closed","ping_status":"closed","template":"","meta":{"_joinchat":[],"footnotes":""},"class_list":["post-916","page","type-page","status-publish","hentry"],"yoast_head":"<!-- This site is optimized with the Yoast SEO plugin v24.2 - https:\/\/yoast.com\/wordpress\/plugins\/seo\/ -->\n<title>Asesor\u00eda Laboral - Inversi\u00f3n Legal<\/title>\n<meta name=\"robots\" content=\"index, follow, max-snippet:-1, max-image-preview:large, max-video-preview:-1\" \/>\n<link rel=\"canonical\" href=\"https:\/\/inversionlegal.cl\/index.php\/asesoria-laboral-2\/\" \/>\n<meta property=\"og:locale\" content=\"es_ES\" \/>\n<meta property=\"og:type\" content=\"article\" \/>\n<meta property=\"og:title\" content=\"Asesor\u00eda Laboral - Inversi\u00f3n Legal\" \/>\n<meta property=\"og:description\" content=\"Con m\u00e1s de 7 a\u00f1os de trayectoria, nos especializamos en: Despidos:\u2022 Despidos injustificados\u2022 Autodespidos\u2022 Finiquitos\u2022 Despidos por Necesidades de la Empresa\u2022 Asesor\u00eda para trabajadores a honorarios y a contrata\u2022 Despidos por Incumplimiento Grave\u2022 Despidos por faltas o abandono de trabajo\u2022 Nulidad del Despido\u2022 Despidos y Autodespidos de Honorarios Asuntos Laborales:\u2022 Tutelas Laborales\u2022 Protecci\u00f3n a la [&hellip;]\" \/>\n<meta property=\"og:url\" content=\"https:\/\/inversionlegal.cl\/index.php\/asesoria-laboral-2\/\" \/>\n<meta property=\"og:site_name\" content=\"Inversi\u00f3n Legal\" \/>\n<meta property=\"article:modified_time\" content=\"2025-06-11T04:24:20+00:00\" \/>\n<meta name=\"twitter:card\" content=\"summary_large_image\" \/>\n<meta name=\"twitter:label1\" content=\"Tiempo de lectura\" \/>\n\t<meta name=\"twitter:data1\" content=\"1 minuto\" \/>\n<script type=\"application\/ld+json\" class=\"yoast-schema-graph\">{\"@context\":\"https:\/\/schema.org\",\"@graph\":[{\"@type\":\"WebPage\",\"@id\":\"https:\/\/inversionlegal.cl\/index.php\/asesoria-laboral-2\/\",\"url\":\"https:\/\/inversionlegal.cl\/index.php\/asesoria-laboral-2\/\",\"name\":\"Asesor\u00eda Laboral - Inversi\u00f3n Legal\",\"isPartOf\":{\"@id\":\"https:\/\/inversionlegal.cl\/#website\"},\"datePublished\":\"2025-06-11T04:23:29+00:00\",\"dateModified\":\"2025-06-11T04:24:20+00:00\",\"breadcrumb\":{\"@id\":\"https:\/\/inversionlegal.cl\/index.php\/asesoria-laboral-2\/#breadcrumb\"},\"inLanguage\":\"es\",\"potentialAction\":[{\"@type\":\"ReadAction\",\"target\":[\"https:\/\/inversionlegal.cl\/index.php\/asesoria-laboral-2\/\"]}]},{\"@type\":\"BreadcrumbList\",\"@id\":\"https:\/\/inversionlegal.cl\/index.php\/asesoria-laboral-2\/#breadcrumb\",\"itemListElement\":[{\"@type\":\"ListItem\",\"position\":1,\"name\":\"Portada\",\"item\":\"https:\/\/inversionlegal.cl\/\"},{\"@type\":\"ListItem\",\"position\":2,\"name\":\"Asesor\u00eda Laboral\"}]},{\"@type\":\"WebSite\",\"@id\":\"https:\/\/inversionlegal.cl\/#website\",\"url\":\"https:\/\/inversionlegal.cl\/\",\"name\":\"Inversi\u00f3n Legal\",\"description\":\"Estudio Jur\u00eddico especialista en Derecho Laboral\",\"publisher\":{\"@id\":\"https:\/\/inversionlegal.cl\/#organization\"},\"potentialAction\":[{\"@type\":\"SearchAction\",\"target\":{\"@type\":\"EntryPoint\",\"urlTemplate\":\"https:\/\/inversionlegal.cl\/?s={search_term_string}\"},\"query-input\":{\"@type\":\"PropertyValueSpecification\",\"valueRequired\":true,\"valueName\":\"search_term_string\"}}],\"inLanguage\":\"es\"},{\"@type\":\"Organization\",\"@id\":\"https:\/\/inversionlegal.cl\/#organization\",\"name\":\"Inversi\u00f3n Legal\",\"url\":\"https:\/\/inversionlegal.cl\/\",\"logo\":{\"@type\":\"ImageObject\",\"inLanguage\":\"es\",\"@id\":\"https:\/\/inversionlegal.cl\/#\/schema\/logo\/image\/\",\"url\":\"https:\/\/inversionlegal.cl\/wp-content\/uploads\/2025\/05\/cropped-logo-nuevo-1.png\",\"contentUrl\":\"https:\/\/inversionlegal.cl\/wp-content\/uploads\/2025\/05\/cropped-logo-nuevo-1.png\",\"width\":250,\"height\":78,\"caption\":\"Inversi\u00f3n Legal\"},\"image\":{\"@id\":\"https:\/\/inversionlegal.cl\/#\/schema\/logo\/image\/\"}}]}<\/script>\n<!-- \/ Yoast SEO plugin. -->","yoast_head_json":{"title":"Asesor\u00eda Laboral - Inversi\u00f3n Legal","robots":{"index":"index","follow":"follow","max-snippet":"max-snippet:-1","max-image-preview":"max-image-preview:large","max-video-preview":"max-video-preview:-1"},"canonical":"https:\/\/inversionlegal.cl\/index.php\/asesoria-laboral-2\/","og_locale":"es_ES","og_type":"article","og_title":"Asesor\u00eda Laboral - Inversi\u00f3n Legal","og_description":"Con m\u00e1s de 7 a\u00f1os de trayectoria, nos especializamos en: Despidos:\u2022 Despidos injustificados\u2022 Autodespidos\u2022 Finiquitos\u2022 Despidos por Necesidades de la Empresa\u2022 Asesor\u00eda para trabajadores a honorarios y a contrata\u2022 Despidos por Incumplimiento Grave\u2022 Despidos por faltas o abandono de trabajo\u2022 Nulidad del Despido\u2022 Despidos y Autodespidos de Honorarios Asuntos Laborales:\u2022 Tutelas Laborales\u2022 Protecci\u00f3n a la [&hellip;]","og_url":"https:\/\/inversionlegal.cl\/index.php\/asesoria-laboral-2\/","og_site_name":"Inversi\u00f3n Legal","article_modified_time":"2025-06-11T04:24:20+00:00","twitter_card":"summary_large_image","twitter_misc":{"Tiempo de lectura":"1 minuto"},"schema":{"@context":"https:\/\/schema.org","@graph":[{"@type":"WebPage","@id":"https:\/\/inversionlegal.cl\/index.php\/asesoria-laboral-2\/","url":"https:\/\/inversionlegal.cl\/index.php\/asesoria-laboral-2\/","name":"Asesor\u00eda Laboral - Inversi\u00f3n Legal","isPartOf":{"@id":"https:\/\/inversionlegal.cl\/#website"},"datePublished":"2025-06-11T04:23:29+00:00","dateModified":"2025-06-11T04:24:20+00:00","breadcrumb":{"@id":"https:\/\/inversionlegal.cl\/index.php\/asesoria-laboral-2\/#breadcrumb"},"inLanguage":"es","potentialAction":[{"@type":"ReadAction","target":["https:\/\/inversionlegal.cl\/index.php\/asesoria-laboral-2\/"]}]},{"@type":"BreadcrumbList","@id":"https:\/\/inversionlegal.cl\/index.php\/asesoria-laboral-2\/#breadcrumb","itemListElement":[{"@type":"ListItem","position":1,"name":"Portada","item":"https:\/\/inversionlegal.cl\/"},{"@type":"ListItem","position":2,"name":"Asesor\u00eda Laboral"}]},{"@type":"WebSite","@id":"https:\/\/inversionlegal.cl\/#website","url":"https:\/\/inversionlegal.cl\/","name":"Inversi\u00f3n Legal","description":"Estudio Jur\u00eddico especialista en Derecho Laboral","publisher":{"@id":"https:\/\/inversionlegal.cl\/#organization"},"potentialAction":[{"@type":"SearchAction","target":{"@type":"EntryPoint","urlTemplate":"https:\/\/inversionlegal.cl\/?s={search_term_string}"},"query-input":{"@type":"PropertyValueSpecification","valueRequired":true,"valueName":"search_term_string"}}],"inLanguage":"es"},{"@type":"Organization","@id":"https:\/\/inversionlegal.cl\/#organization","name":"Inversi\u00f3n Legal","url":"https:\/\/inversionlegal.cl\/","logo":{"@type":"ImageObject","inLanguage":"es","@id":"https:\/\/inversionlegal.cl\/#\/schema\/logo\/image\/","url":"https:\/\/inversionlegal.cl\/wp-content\/uploads\/2025\/05\/cropped-logo-nuevo-1.png","contentUrl":"https:\/\/inversionlegal.cl\/wp-content\/uploads\/2025\/05\/cropped-logo-nuevo-1.png","width":250,"height":78,"caption":"Inversi\u00f3n Legal"},"image":{"@id":"https:\/\/inversionlegal.cl\/#\/schema\/logo\/image\/"}}]}},"_links":{"self":[{"href":"https:\/\/inversionlegal.cl\/index.php\/wp-json\/wp\/v2\/pages\/916","targetHints":{"allow":["GET"]}}],"collection":[{"href":"https:\/\/inversionlegal.cl\/index.php\/wp-json\/wp\/v2\/pages"}],"about":[{"href":"https:\/\/inversionlegal.cl\/index.php\/wp-json\/wp\/v2\/types\/page"}],"author":[{"embeddable":true,"href":"https:\/\/inversionlegal.cl\/index.php\/wp-json\/wp\/v2\/users\/1"}],"replies":[{"embeddable":true,"href":"https:\/\/inversionlegal.cl\/index.php\/wp-json\/wp\/v2\/comments?post=916"}],"version-history":[{"count":1,"href":"https:\/\/inversionlegal.cl\/index.php\/wp-json\/wp\/v2\/pages\/916\/revisions"}],"predecessor-version":[{"id":917,"href":"https:\/\/inversionlegal.cl\/index.php\/wp-json\/wp\/v2\/pages\/916\/revisions\/917"}],"wp:attachment":[{"href":"https:\/\/inversionlegal.cl\/index.php\/wp-json\/wp\/v2\/media?parent=916"}],"curies":[{"name":"wp","href":"https:\/\/api.w.org\/{rel}","templated":true}]}}