{"id":941,"date":"2025-07-02T03:40:58","date_gmt":"2025-07-02T03:40:58","guid":{"rendered":"https:\/\/inversionlegal.cl\/?page_id=941"},"modified":"2025-07-02T03:41:40","modified_gmt":"2025-07-02T03:41:40","slug":"asesoria-migratoria","status":"publish","type":"page","link":"https:\/\/inversionlegal.cl\/index.php\/asesoria-migratoria\/","title":{"rendered":"Asesor\u00eda Migratoria"},"content":{"rendered":"\t\t<div data-elementor-type=\"wp-page\" data-elementor-id=\"941\" class=\"elementor elementor-941\">\n\t\t\t\t\t\t<section class=\"elementor-section elementor-top-section elementor-element elementor-element-6835d6e6 elementor-section-boxed elementor-section-height-default elementor-section-height-default\" data-id=\"6835d6e6\" data-element_type=\"section\">\n\t\t\t\t\t\t<div class=\"elementor-container elementor-column-gap-default\">\n\t\t\t\t\t<div class=\"aux-parallax-section elementor-column elementor-col-100 elementor-top-column elementor-element elementor-element-aa3749c\" data-id=\"aa3749c\" data-element_type=\"column\">\n\t\t\t<div class=\"elementor-widget-wrap elementor-element-populated\">\n\t\t\t\t\t\t<div class=\"elementor-element elementor-element-1ed3420b elementor-widget elementor-widget-text-editor\" data-id=\"1ed3420b\" data-element_type=\"widget\" data-widget_type=\"text-editor.default\">\n\t\t\t\t<div class=\"elementor-widget-container\">\n\t\t\t\t\t\t\t\t\t\n<p><strong>Tr\u00e1mites y asesor\u00edas para extranjeros:<\/strong><\/p>\n<p>1 \u2013 Asesor\u00edas personalizadas<br \/>2 \u2013 Solicitud de Visas\u00a0 Temporales<br \/>3 \u2013 Solicitud de Residencia Definitiva<br \/>4 \u2013 C\u00e1lculo de Multa<br \/>5 \u2013 Antecedentes Penales apostillados<br \/>6 \u2013 Pasaporte venezolano<br \/>7 \u2013 Visas por Reunificaci\u00f3n Familiar<br \/>8 \u2013 Recursos Judiciales<br \/>9 \u2013 Servicios Saime en general<br \/>10 \u2013 Pr\u00f3rrogas de Visa<br \/>11 \u2013 Visas Consulares<br \/>12 \u2013 Naturalizaci\u00f3n<br \/>13 \u2013 Tr\u00e1mites Migratorios<\/p>\n\t\t\t\t\t\t\t\t<\/div>\n\t\t\t\t<\/div>\n\t\t\t\t\t<\/div>\n\t\t<\/div>\n\t\t\t\t\t<\/div>\n\t\t<\/section>\n\t\t\t\t<\/div>\n\t\t","protected":false},"excerpt":{"rendered":"<p>Tr\u00e1mites y asesor\u00edas para extranjeros: 1 \u2013 Asesor\u00edas personalizadas2 \u2013 Solicitud de Visas\u00a0 Temporales3 \u2013 Solicitud de Residencia Definitiva4 \u2013 C\u00e1lculo de Multa5 \u2013 Antecedentes Penales apostillados6 \u2013 Pasaporte venezolano7 \u2013 Visas por Reunificaci\u00f3n Familiar8 \u2013 Recursos Judiciales9 \u2013 Servicios Saime en general10 \u2013 Pr\u00f3rrogas de Visa11 \u2013 Visas Consulares12 \u2013 Naturalizaci\u00f3n13 \u2013 Tr\u00e1mites Migratorios<\/p>\n","protected":false},"author":1,"featured_media":0,"parent":0,"menu_order":0,"comment_status":"closed","ping_status":"closed","template":"","meta":{"_joinchat":[],"footnotes":""},"class_list":["post-941","page","type-page","status-publish","hentry"],"yoast_head":"<!-- This site is optimized with the Yoast SEO plugin v24.2 - https:\/\/yoast.com\/wordpress\/plugins\/seo\/ -->\n<title>Asesor\u00eda Migratoria - Inversi\u00f3n Legal<\/title>\n<meta name=\"robots\" content=\"index, follow, max-snippet:-1, max-image-preview:large, max-video-preview:-1\" \/>\n<link rel=\"canonical\" href=\"https:\/\/inversionlegal.cl\/index.php\/asesoria-migratoria\/\" \/>\n<meta property=\"og:locale\" content=\"es_ES\" \/>\n<meta property=\"og:type\" content=\"article\" \/>\n<meta property=\"og:title\" content=\"Asesor\u00eda Migratoria - Inversi\u00f3n Legal\" \/>\n<meta property=\"og:description\" content=\"Tr\u00e1mites y asesor\u00edas para extranjeros: 1 \u2013 Asesor\u00edas personalizadas2 \u2013 Solicitud de Visas\u00a0 Temporales3 \u2013 Solicitud de Residencia Definitiva4 \u2013 C\u00e1lculo de Multa5 \u2013 Antecedentes Penales apostillados6 \u2013 Pasaporte venezolano7 \u2013 Visas por Reunificaci\u00f3n Familiar8 \u2013 Recursos Judiciales9 \u2013 Servicios Saime en general10 \u2013 Pr\u00f3rrogas de Visa11 \u2013 Visas Consulares12 \u2013 Naturalizaci\u00f3n13 \u2013 Tr\u00e1mites Migratorios\" \/>\n<meta property=\"og:url\" content=\"https:\/\/inversionlegal.cl\/index.php\/asesoria-migratoria\/\" \/>\n<meta property=\"og:site_name\" content=\"Inversi\u00f3n Legal\" \/>\n<meta property=\"article:modified_time\" content=\"2025-07-02T03:41:40+00:00\" \/>\n<meta name=\"twitter:card\" content=\"summary_large_image\" \/>\n<meta name=\"twitter:label1\" content=\"Tiempo de lectura\" \/>\n\t<meta name=\"twitter:data1\" content=\"1 minuto\" \/>\n<script type=\"application\/ld+json\" class=\"yoast-schema-graph\">{\"@context\":\"https:\/\/schema.org\",\"@graph\":[{\"@type\":\"WebPage\",\"@id\":\"https:\/\/inversionlegal.cl\/index.php\/asesoria-migratoria\/\",\"url\":\"https:\/\/inversionlegal.cl\/index.php\/asesoria-migratoria\/\",\"name\":\"Asesor\u00eda Migratoria - Inversi\u00f3n Legal\",\"isPartOf\":{\"@id\":\"https:\/\/inversionlegal.cl\/#website\"},\"datePublished\":\"2025-07-02T03:40:58+00:00\",\"dateModified\":\"2025-07-02T03:41:40+00:00\",\"breadcrumb\":{\"@id\":\"https:\/\/inversionlegal.cl\/index.php\/asesoria-migratoria\/#breadcrumb\"},\"inLanguage\":\"es\",\"potentialAction\":[{\"@type\":\"ReadAction\",\"target\":[\"https:\/\/inversionlegal.cl\/index.php\/asesoria-migratoria\/\"]}]},{\"@type\":\"BreadcrumbList\",\"@id\":\"https:\/\/inversionlegal.cl\/index.php\/asesoria-migratoria\/#breadcrumb\",\"itemListElement\":[{\"@type\":\"ListItem\",\"position\":1,\"name\":\"Portada\",\"item\":\"https:\/\/inversionlegal.cl\/\"},{\"@type\":\"ListItem\",\"position\":2,\"name\":\"Asesor\u00eda Migratoria\"}]},{\"@type\":\"WebSite\",\"@id\":\"https:\/\/inversionlegal.cl\/#website\",\"url\":\"https:\/\/inversionlegal.cl\/\",\"name\":\"Inversi\u00f3n Legal\",\"description\":\"Estudio Jur\u00eddico especialista en Derecho Laboral\",\"publisher\":{\"@id\":\"https:\/\/inversionlegal.cl\/#organization\"},\"potentialAction\":[{\"@type\":\"SearchAction\",\"target\":{\"@type\":\"EntryPoint\",\"urlTemplate\":\"https:\/\/inversionlegal.cl\/?s={search_term_string}\"},\"query-input\":{\"@type\":\"PropertyValueSpecification\",\"valueRequired\":true,\"valueName\":\"search_term_string\"}}],\"inLanguage\":\"es\"},{\"@type\":\"Organization\",\"@id\":\"https:\/\/inversionlegal.cl\/#organization\",\"name\":\"Inversi\u00f3n Legal\",\"url\":\"https:\/\/inversionlegal.cl\/\",\"logo\":{\"@type\":\"ImageObject\",\"inLanguage\":\"es\",\"@id\":\"https:\/\/inversionlegal.cl\/#\/schema\/logo\/image\/\",\"url\":\"https:\/\/inversionlegal.cl\/wp-content\/uploads\/2025\/05\/cropped-logo-nuevo-1.png\",\"contentUrl\":\"https:\/\/inversionlegal.cl\/wp-content\/uploads\/2025\/05\/cropped-logo-nuevo-1.png\",\"width\":250,\"height\":78,\"caption\":\"Inversi\u00f3n Legal\"},\"image\":{\"@id\":\"https:\/\/inversionlegal.cl\/#\/schema\/logo\/image\/\"}}]}<\/script>\n<!-- \/ Yoast SEO plugin. -->","yoast_head_json":{"title":"Asesor\u00eda Migratoria - Inversi\u00f3n Legal","robots":{"index":"index","follow":"follow","max-snippet":"max-snippet:-1","max-image-preview":"max-image-preview:large","max-video-preview":"max-video-preview:-1"},"canonical":"https:\/\/inversionlegal.cl\/index.php\/asesoria-migratoria\/","og_locale":"es_ES","og_type":"article","og_title":"Asesor\u00eda Migratoria - Inversi\u00f3n Legal","og_description":"Tr\u00e1mites y asesor\u00edas para extranjeros: 1 \u2013 Asesor\u00edas personalizadas2 \u2013 Solicitud de Visas\u00a0 Temporales3 \u2013 Solicitud de Residencia Definitiva4 \u2013 C\u00e1lculo de Multa5 \u2013 Antecedentes Penales apostillados6 \u2013 Pasaporte venezolano7 \u2013 Visas por Reunificaci\u00f3n Familiar8 \u2013 Recursos Judiciales9 \u2013 Servicios Saime en general10 \u2013 Pr\u00f3rrogas de Visa11 \u2013 Visas Consulares12 \u2013 Naturalizaci\u00f3n13 \u2013 Tr\u00e1mites Migratorios","og_url":"https:\/\/inversionlegal.cl\/index.php\/asesoria-migratoria\/","og_site_name":"Inversi\u00f3n Legal","article_modified_time":"2025-07-02T03:41:40+00:00","twitter_card":"summary_large_image","twitter_misc":{"Tiempo de lectura":"1 minuto"},"schema":{"@context":"https:\/\/schema.org","@graph":[{"@type":"WebPage","@id":"https:\/\/inversionlegal.cl\/index.php\/asesoria-migratoria\/","url":"https:\/\/inversionlegal.cl\/index.php\/asesoria-migratoria\/","name":"Asesor\u00eda Migratoria - Inversi\u00f3n Legal","isPartOf":{"@id":"https:\/\/inversionlegal.cl\/#website"},"datePublished":"2025-07-02T03:40:58+00:00","dateModified":"2025-07-02T03:41:40+00:00","breadcrumb":{"@id":"https:\/\/inversionlegal.cl\/index.php\/asesoria-migratoria\/#breadcrumb"},"inLanguage":"es","potentialAction":[{"@type":"ReadAction","target":["https:\/\/inversionlegal.cl\/index.php\/asesoria-migratoria\/"]}]},{"@type":"BreadcrumbList","@id":"https:\/\/inversionlegal.cl\/index.php\/asesoria-migratoria\/#breadcrumb","itemListElement":[{"@type":"ListItem","position":1,"name":"Portada","item":"https:\/\/inversionlegal.cl\/"},{"@type":"ListItem","position":2,"name":"Asesor\u00eda Migratoria"}]},{"@type":"WebSite","@id":"https:\/\/inversionlegal.cl\/#website","url":"https:\/\/inversionlegal.cl\/","name":"Inversi\u00f3n Legal","description":"Estudio Jur\u00eddico especialista en Derecho Laboral","publisher":{"@id":"https:\/\/inversionlegal.cl\/#organization"},"potentialAction":[{"@type":"SearchAction","target":{"@type":"EntryPoint","urlTemplate":"https:\/\/inversionlegal.cl\/?s={search_term_string}"},"query-input":{"@type":"PropertyValueSpecification","valueRequired":true,"valueName":"search_term_string"}}],"inLanguage":"es"},{"@type":"Organization","@id":"https:\/\/inversionlegal.cl\/#organization","name":"Inversi\u00f3n Legal","url":"https:\/\/inversionlegal.cl\/","logo":{"@type":"ImageObject","inLanguage":"es","@id":"https:\/\/inversionlegal.cl\/#\/schema\/logo\/image\/","url":"https:\/\/inversionlegal.cl\/wp-content\/uploads\/2025\/05\/cropped-logo-nuevo-1.png","contentUrl":"https:\/\/inversionlegal.cl\/wp-content\/uploads\/2025\/05\/cropped-logo-nuevo-1.png","width":250,"height":78,"caption":"Inversi\u00f3n Legal"},"image":{"@id":"https:\/\/inversionlegal.cl\/#\/schema\/logo\/image\/"}}]}},"_links":{"self":[{"href":"https:\/\/inversionlegal.cl\/index.php\/wp-json\/wp\/v2\/pages\/941","targetHints":{"allow":["GET"]}}],"collection":[{"href":"https:\/\/inversionlegal.cl\/index.php\/wp-json\/wp\/v2\/pages"}],"about":[{"href":"https:\/\/inversionlegal.cl\/index.php\/wp-json\/wp\/v2\/types\/page"}],"author":[{"embeddable":true,"href":"https:\/\/inversionlegal.cl\/index.php\/wp-json\/wp\/v2\/users\/1"}],"replies":[{"embeddable":true,"href":"https:\/\/inversionlegal.cl\/index.php\/wp-json\/wp\/v2\/comments?post=941"}],"version-history":[{"count":7,"href":"https:\/\/inversionlegal.cl\/index.php\/wp-json\/wp\/v2\/pages\/941\/revisions"}],"predecessor-version":[{"id":948,"href":"https:\/\/inversionlegal.cl\/index.php\/wp-json\/wp\/v2\/pages\/941\/revisions\/948"}],"wp:attachment":[{"href":"https:\/\/inversionlegal.cl\/index.php\/wp-json\/wp\/v2\/media?parent=941"}],"curies":[{"name":"wp","href":"https:\/\/api.w.org\/{rel}","templated":true}]}}